{"id":4824,"date":"2021-11-04T09:24:43","date_gmt":"2021-11-04T08:24:43","guid":{"rendered":"https:\/\/preprod.lilleartup.com\/home\/"},"modified":"2026-03-27T17:28:00","modified_gmt":"2026-03-27T16:28:00","slug":"home","status":"publish","type":"page","link":"https:\/\/lilleartup.com\/en\/","title":{"rendered":"Home"},"content":{"rendered":"","protected":false},"excerpt":{"rendered":"","protected":false},"author":1,"featured_media":123674,"parent":0,"menu_order":11,"comment_status":"closed","ping_status":"closed","template":"","meta":{"_acf_changed":false,"footnotes":""},"class_list":["post-4824","page","type-page","status-publish","has-post-thumbnail","hentry"],"acf":[],"yoast_head":"<!-- This site is optimized with the Yoast SEO plugin v27.2 - https:\/\/yoast.com\/product\/yoast-seo-wordpress\/ -->\n<title>Foire d&#039;Art Contemporain - Lille art up!<\/title>\n<meta name=\"description\" content=\"L&#039;\u00e9dition 2022 de Lille Art Up! invite les artistes et les galeries \u00e0 donner leur vision de cette probl\u00e9matique riche en \u00e9clairages multiples.\" \/>\n<meta name=\"robots\" content=\"index, follow, max-snippet:-1, max-image-preview:large, max-video-preview:-1\" \/>\n<meta property=\"og:locale\" content=\"en_US\" \/>\n<meta property=\"og:type\" content=\"article\" \/>\n<meta property=\"og:title\" content=\"Foire d&#039;Art Contemporain - Lille art up!\" \/>\n<meta property=\"og:description\" content=\"L&#039;\u00e9dition 2022 de Lille Art Up! invite les artistes et les galeries \u00e0 donner leur vision de cette probl\u00e9matique riche en \u00e9clairages multiples.\" \/>\n<meta property=\"og:url\" content=\"https:\/\/lilleartup.com\/en\/\" \/>\n<meta property=\"og:site_name\" content=\"Lille art up!\" \/>\n<meta property=\"article:modified_time\" content=\"2026-03-27T16:28:00+00:00\" \/>\n<meta property=\"og:image\" content=\"https:\/\/lilleartup.com\/wp-content\/uploads\/2026\/01\/VISUEL_ARTUP_2026.jpg\" \/>\n\t<meta property=\"og:image:width\" content=\"1080\" \/>\n\t<meta property=\"og:image:height\" content=\"1080\" \/>\n\t<meta property=\"og:image:type\" content=\"image\/jpeg\" \/>\n<meta name=\"twitter:card\" content=\"summary_large_image\" \/>\n<meta name=\"twitter:label1\" content=\"Est. reading time\" \/>\n\t<meta name=\"twitter:data1\" content=\"1 minute\" \/>\n<script type=\"application\/ld+json\" class=\"yoast-schema-graph\">{\"@context\":\"https:\/\/schema.org\",\"@graph\":[{\"@type\":\"WebPage\",\"@id\":\"https:\/\/lilleartup.com\/en\/\",\"url\":\"https:\/\/lilleartup.com\/en\/\",\"name\":\"Foire d'Art Contemporain - Lille art up!\",\"isPartOf\":{\"@id\":\"https:\/\/lilleartup.com\/en\/#website\"},\"primaryImageOfPage\":{\"@id\":\"https:\/\/lilleartup.com\/en\/#primaryimage\"},\"image\":{\"@id\":\"https:\/\/lilleartup.com\/en\/#primaryimage\"},\"thumbnailUrl\":\"https:\/\/lilleartup.com\/wp-content\/uploads\/2026\/01\/VISUEL_ARTUP_2026.jpg\",\"datePublished\":\"2021-11-04T08:24:43+00:00\",\"dateModified\":\"2026-03-27T16:28:00+00:00\",\"description\":\"L'\u00e9dition 2022 de Lille Art Up! invite les artistes et les galeries \u00e0 donner leur vision de cette probl\u00e9matique riche en \u00e9clairages multiples.\",\"breadcrumb\":{\"@id\":\"https:\/\/lilleartup.com\/en\/#breadcrumb\"},\"inLanguage\":\"en-US\",\"potentialAction\":[{\"@type\":\"ReadAction\",\"target\":[\"https:\/\/lilleartup.com\/en\/\"]}]},{\"@type\":\"ImageObject\",\"inLanguage\":\"en-US\",\"@id\":\"https:\/\/lilleartup.com\/en\/#primaryimage\",\"url\":\"https:\/\/lilleartup.com\/wp-content\/uploads\/2026\/01\/VISUEL_ARTUP_2026.jpg\",\"contentUrl\":\"https:\/\/lilleartup.com\/wp-content\/uploads\/2026\/01\/VISUEL_ARTUP_2026.jpg\",\"width\":8533,\"height\":8533},{\"@type\":\"BreadcrumbList\",\"@id\":\"https:\/\/lilleartup.com\/en\/#breadcrumb\",\"itemListElement\":[{\"@type\":\"ListItem\",\"position\":1,\"name\":\"Home\",\"item\":\"https:\/\/lilleartup.com\/en\/\"},{\"@type\":\"ListItem\",\"position\":2,\"name\":\"Home\"}]},{\"@type\":\"WebSite\",\"@id\":\"https:\/\/lilleartup.com\/en\/#website\",\"url\":\"https:\/\/lilleartup.com\/en\/\",\"name\":\"Lille art up!\",\"description\":\"\",\"potentialAction\":[{\"@type\":\"SearchAction\",\"target\":{\"@type\":\"EntryPoint\",\"urlTemplate\":\"https:\/\/lilleartup.com\/en\/?s={search_term_string}\"},\"query-input\":{\"@type\":\"PropertyValueSpecification\",\"valueRequired\":true,\"valueName\":\"search_term_string\"}}],\"inLanguage\":\"en-US\"}]}<\/script>\n<!-- \/ Yoast SEO plugin. -->","yoast_head_json":{"title":"Foire d'Art Contemporain - Lille art up!","description":"L'\u00e9dition 2022 de Lille Art Up! invite les artistes et les galeries \u00e0 donner leur vision de cette probl\u00e9matique riche en \u00e9clairages multiples.","robots":{"index":"index","follow":"follow","max-snippet":"max-snippet:-1","max-image-preview":"max-image-preview:large","max-video-preview":"max-video-preview:-1"},"og_locale":"en_US","og_type":"article","og_title":"Foire d'Art Contemporain - Lille art up!","og_description":"L'\u00e9dition 2022 de Lille Art Up! invite les artistes et les galeries \u00e0 donner leur vision de cette probl\u00e9matique riche en \u00e9clairages multiples.","og_url":"https:\/\/lilleartup.com\/en\/","og_site_name":"Lille art up!","article_modified_time":"2026-03-27T16:28:00+00:00","og_image":[{"url":"https:\/\/lilleartup.com\/wp-content\/uploads\/2026\/01\/VISUEL_ARTUP_2026.jpg","width":1080,"height":1080,"type":"image\/jpeg"}],"twitter_card":"summary_large_image","twitter_misc":{"Est. reading time":"1 minute"},"schema":{"@context":"https:\/\/schema.org","@graph":[{"@type":"WebPage","@id":"https:\/\/lilleartup.com\/en\/","url":"https:\/\/lilleartup.com\/en\/","name":"Foire d'Art Contemporain - Lille art up!","isPartOf":{"@id":"https:\/\/lilleartup.com\/en\/#website"},"primaryImageOfPage":{"@id":"https:\/\/lilleartup.com\/en\/#primaryimage"},"image":{"@id":"https:\/\/lilleartup.com\/en\/#primaryimage"},"thumbnailUrl":"https:\/\/lilleartup.com\/wp-content\/uploads\/2026\/01\/VISUEL_ARTUP_2026.jpg","datePublished":"2021-11-04T08:24:43+00:00","dateModified":"2026-03-27T16:28:00+00:00","description":"L'\u00e9dition 2022 de Lille Art Up! invite les artistes et les galeries \u00e0 donner leur vision de cette probl\u00e9matique riche en \u00e9clairages multiples.","breadcrumb":{"@id":"https:\/\/lilleartup.com\/en\/#breadcrumb"},"inLanguage":"en-US","potentialAction":[{"@type":"ReadAction","target":["https:\/\/lilleartup.com\/en\/"]}]},{"@type":"ImageObject","inLanguage":"en-US","@id":"https:\/\/lilleartup.com\/en\/#primaryimage","url":"https:\/\/lilleartup.com\/wp-content\/uploads\/2026\/01\/VISUEL_ARTUP_2026.jpg","contentUrl":"https:\/\/lilleartup.com\/wp-content\/uploads\/2026\/01\/VISUEL_ARTUP_2026.jpg","width":8533,"height":8533},{"@type":"BreadcrumbList","@id":"https:\/\/lilleartup.com\/en\/#breadcrumb","itemListElement":[{"@type":"ListItem","position":1,"name":"Home","item":"https:\/\/lilleartup.com\/en\/"},{"@type":"ListItem","position":2,"name":"Home"}]},{"@type":"WebSite","@id":"https:\/\/lilleartup.com\/en\/#website","url":"https:\/\/lilleartup.com\/en\/","name":"Lille art up!","description":"","potentialAction":[{"@type":"SearchAction","target":{"@type":"EntryPoint","urlTemplate":"https:\/\/lilleartup.com\/en\/?s={search_term_string}"},"query-input":{"@type":"PropertyValueSpecification","valueRequired":true,"valueName":"search_term_string"}}],"inLanguage":"en-US"}]}},"_links":{"self":[{"href":"https:\/\/lilleartup.com\/en\/wp-json\/wp\/v2\/pages\/4824","targetHints":{"allow":["GET"]}}],"collection":[{"href":"https:\/\/lilleartup.com\/en\/wp-json\/wp\/v2\/pages"}],"about":[{"href":"https:\/\/lilleartup.com\/en\/wp-json\/wp\/v2\/types\/page"}],"author":[{"embeddable":true,"href":"https:\/\/lilleartup.com\/en\/wp-json\/wp\/v2\/users\/1"}],"replies":[{"embeddable":true,"href":"https:\/\/lilleartup.com\/en\/wp-json\/wp\/v2\/comments?post=4824"}],"version-history":[{"count":37,"href":"https:\/\/lilleartup.com\/en\/wp-json\/wp\/v2\/pages\/4824\/revisions"}],"predecessor-version":[{"id":127797,"href":"https:\/\/lilleartup.com\/en\/wp-json\/wp\/v2\/pages\/4824\/revisions\/127797"}],"wp:featuredmedia":[{"embeddable":true,"href":"https:\/\/lilleartup.com\/en\/wp-json\/wp\/v2\/media\/123674"}],"wp:attachment":[{"href":"https:\/\/lilleartup.com\/en\/wp-json\/wp\/v2\/media?parent=4824"}],"curies":[{"name":"wp","href":"https:\/\/api.w.org\/{rel}","templated":true}]}}